{"id":45,"date":"2024-10-04T05:56:37","date_gmt":"2024-10-04T05:56:37","guid":{"rendered":"https:\/\/gleanvn.org\/?page_id=45"},"modified":"2025-05-09T07:41:04","modified_gmt":"2025-05-09T07:41:04","slug":"resources","status":"publish","type":"page","link":"https:\/\/gleanvn.com\/?page_id=45","title":{"rendered":"T\u00e0i Nguy\u00ean"},"content":{"rendered":"\t\t<div data-elementor-type=\"wp-page\" data-elementor-id=\"45\" class=\"elementor elementor-45\" data-elementor-post-type=\"page\">\n\t\t\t\t<div class=\"elementor-element elementor-element-3e374d12 e-con-full e-flex e-con e-parent\" data-id=\"3e374d12\" data-element_type=\"container\" id=\"Workshop_Learn_The_Basics\">\n\t\t<div class=\"elementor-element elementor-element-74d99280 e-con-full e-flex e-con e-child\" data-id=\"74d99280\" data-element_type=\"container\" data-settings=\"{&quot;background_background&quot;:&quot;classic&quot;}\">\n\t\t<div class=\"elementor-element elementor-element-607ee330 e-flex e-con-boxed e-con e-child\" data-id=\"607ee330\" data-element_type=\"container\">\n\t\t\t\t\t<div class=\"e-con-inner\">\n\t\t\t\t<div class=\"elementor-element elementor-element-9022ffc elementor-widget elementor-widget-image\" data-id=\"9022ffc\" data-element_type=\"widget\" data-widget_type=\"image.default\">\n\t\t\t\t<div class=\"elementor-widget-container\">\n\t\t\t\t\t\t\t\t\t\t\t\t\t<img fetchpriority=\"high\" decoding=\"async\" width=\"800\" height=\"450\" src=\"https:\/\/gleanvn.com\/wp-content\/uploads\/2024\/10\/Khong-ai-nhanh-khong-ai-cham-moi-nguoi-deu-co-lo-trinh-va-thoi-diem-cua-rieng-minh.-1-1024x576.png\" class=\"attachment-large size-large wp-image-47\" alt=\"\" srcset=\"https:\/\/gleanvn.com\/wp-content\/uploads\/2024\/10\/Khong-ai-nhanh-khong-ai-cham-moi-nguoi-deu-co-lo-trinh-va-thoi-diem-cua-rieng-minh.-1-1024x576.png 1024w, https:\/\/gleanvn.com\/wp-content\/uploads\/2024\/10\/Khong-ai-nhanh-khong-ai-cham-moi-nguoi-deu-co-lo-trinh-va-thoi-diem-cua-rieng-minh.-1-300x169.png 300w, https:\/\/gleanvn.com\/wp-content\/uploads\/2024\/10\/Khong-ai-nhanh-khong-ai-cham-moi-nguoi-deu-co-lo-trinh-va-thoi-diem-cua-rieng-minh.-1-768x432.png 768w, https:\/\/gleanvn.com\/wp-content\/uploads\/2024\/10\/Khong-ai-nhanh-khong-ai-cham-moi-nguoi-deu-co-lo-trinh-va-thoi-diem-cua-rieng-minh.-1-1536x864.png 1536w, https:\/\/gleanvn.com\/wp-content\/uploads\/2024\/10\/Khong-ai-nhanh-khong-ai-cham-moi-nguoi-deu-co-lo-trinh-va-thoi-diem-cua-rieng-minh.-1-2048x1152.png 2048w\" sizes=\"(max-width: 800px) 100vw, 800px\" \/>\t\t\t\t\t\t\t\t\t\t\t\t\t<\/div>\n\t\t\t\t<\/div>\n\t\t\t\t<div class=\"elementor-element elementor-element-f86dca1 elementor-widget elementor-widget-heading\" data-id=\"f86dca1\" data-element_type=\"widget\" data-widget_type=\"heading.default\">\n\t\t\t\t<div class=\"elementor-widget-container\">\n\t\t\t<h2 class=\"elementor-heading-title elementor-size-default\">Kho\u00e1 h\u1ecdc E-Learning<\/h2>\t\t<\/div>\n\t\t\t\t<\/div>\n\t\t\t\t\t<\/div>\n\t\t\t\t<\/div>\n\t\t\t\t<\/div>\n\t\t<div class=\"elementor-element elementor-element-66d2bb9c e-con-full e-flex e-con e-child\" data-id=\"66d2bb9c\" data-element_type=\"container\">\n\t\t\t\t<div class=\"elementor-element elementor-element-681cfec6 elementor-widget elementor-widget-heading\" data-id=\"681cfec6\" data-element_type=\"widget\" data-widget_type=\"heading.default\">\n\t\t\t\t<div class=\"elementor-widget-container\">\n\t\t\t<h2 class=\"elementor-heading-title elementor-size-default\"><h2 data-elementor-setting-key=\"title\" data-pen-placeholder=\"Type Here...\" style=\", sans-serif;font-weight: var( --e-global-typography-primary-font-weight )\">Module 1: Kh\u00e1m Ph\u00e1 M\u00f4 H\u00ecnh Kinh Doanh Ph\u1ee5c H\u1ed3i &amp; M\u1ee5c \u0110\u00edch C\u1ee7a B\u1ea1n.<span style=\"color: var( --e-global-color-primary );font-family: var( --e-global-typography-primary-font-family ), Sans-serif;font-size: 2rem;font-weight: var( --e-global-typography-primary-font-weight );text-align: var(--text-align)\"><\/span><\/h2><\/h2>\t\t<\/div>\n\t\t\t\t<\/div>\n\t\t\t\t<div class=\"elementor-element elementor-element-7778587e elementor-widget__width-initial elementor-widget elementor-widget-text-editor\" data-id=\"7778587e\" data-element_type=\"widget\" data-widget_type=\"text-editor.default\">\n\t\t\t\t<div class=\"elementor-widget-container\">\n\t\t\t\t\t\t\t<p data-sourcepos=\"15:1-15:171\">Module n\u00e0y cung c\u1ea5p cho b\u1ea1n ki\u1ebfn th\u1ee9c t\u1ed5ng qu\u00e1t v\u1ec1 M\u00f4 h\u00ecnh Kinh doanh Ph\u1ee5c h\u1ed3i &#8211; m\u1ed9t m\u00f4 h\u00ecnh kinh doanh h\u01b0\u1edbng \u0111\u1ebfn vi\u1ec7c t\u1ea1o ra gi\u00e1 tr\u1ecb t\u00edch c\u1ef1c cho x\u00e3 h\u1ed9i v\u00e0 c\u1ed9ng \u0111\u1ed3ng.<\/p><p data-sourcepos=\"17:1-17:30\"><strong>N\u1ed9i dung bao g\u1ed3m:<\/strong><\/p><ul data-sourcepos=\"19:1-21:0\"><li data-sourcepos=\"19:1-19:115\"><strong>Ch\u01b0\u01a1ng 1:<\/strong> T\u00ecm hi\u1ec3u v\u1ec1 c\u00e1c nguy\u00ean l\u00fd, y\u1ebfu t\u1ed1 then ch\u1ed1t v\u00e0 c\u00e1ch th\u1ee9c v\u1eadn h\u00e0nh c\u1ee7a M\u00f4 h\u00ecnh Kinh doanh Ph\u1ee5c h\u1ed3i.<\/li><li data-sourcepos=\"20:1-21:0\"><strong>Ch\u01b0\u01a1ng 2:<\/strong> Kh\u00e1m ph\u00e1 ph\u01b0\u01a1ng ph\u00e1p x\u00e1c \u0111\u1ecbnh m\u1ee5c \u0111\u00edch c\u1ee7a b\u1ea1n, t\u1eeb \u0111\u00f3 t\u1ea1o \u0111\u1ed9ng l\u1ef1c v\u00e0 \u0111\u1ecbnh h\u01b0\u1edbng cho h\u00e0nh tr\u00ecnh ph\u00e1t tri\u1ec3n.<\/li><\/ul><p>Nh\u1eefng Module ti\u1ebfp theo s\u1ebd \u0111\u01b0\u1ee3c c\u1eadp nh\u1eadt li\u00ean t\u1ee5c v\u00e0 th\u00f4ng b\u00e1o \u0111\u1ebfn b\u1ea1n qua email \u0111\u0103ng k\u00fd.<\/p>\t\t\t\t\t\t<\/div>\n\t\t\t\t<\/div>\n\t\t\t\t<div class=\"elementor-element elementor-element-3bae2e0 elementor-invisible elementor-widget elementor-widget-button\" data-id=\"3bae2e0\" data-element_type=\"widget\" data-settings=\"{&quot;_animation&quot;:&quot;fadeInDown&quot;}\" data-widget_type=\"button.default\">\n\t\t\t\t<div class=\"elementor-widget-container\">\n\t\t\t\t\t<div class=\"elementor-button-wrapper\">\n\t\t\t<a class=\"elementor-button elementor-button-link elementor-size-sm\" href=\"https:\/\/gleanvn.thinkific.com\/courses\/free-course\" target=\"_blank\">\n\t\t\t\t\t\t<span class=\"elementor-button-content-wrapper\">\n\t\t\t\t\t\t\t\t\t<span class=\"elementor-button-text\">Kh\u00e1m ph\u00e1 ngay (Mi\u1ec5n ph\u00ed)<\/span>\n\t\t\t\t\t<\/span>\n\t\t\t\t\t<\/a>\n\t\t<\/div>\n\t\t\t\t<\/div>\n\t\t\t\t<\/div>\n\t\t\t\t<\/div>\n\t\t\t\t<\/div>\n\t\t\t\t<\/div>\n\t\t","protected":false},"excerpt":{"rendered":"<p>Kho\u00e1 h\u1ecdc E-Learning Module 1: Kh\u00e1m Ph\u00e1 M\u00f4 H\u00ecnh Kinh Doanh Ph\u1ee5c H\u1ed3i &amp; M\u1ee5c \u0110\u00edch C\u1ee7a B\u1ea1n. Module n\u00e0y cung c\u1ea5p cho b\u1ea1n ki\u1ebfn th\u1ee9c t\u1ed5ng qu\u00e1t v\u1ec1 M\u00f4 h\u00ecnh Kinh doanh Ph\u1ee5c h\u1ed3i &#8211; m\u1ed9t m\u00f4 h\u00ecnh kinh doanh h\u01b0\u1edbng \u0111\u1ebfn vi\u1ec7c t\u1ea1o ra gi\u00e1 tr\u1ecb t\u00edch c\u1ef1c cho x\u00e3 h\u1ed9i v\u00e0 c\u1ed9ng [&hellip;]<\/p>\n","protected":false},"author":1,"featured_media":0,"parent":2,"menu_order":0,"comment_status":"closed","ping_status":"closed","template":"elementor_header_footer","meta":{"footnotes":""},"class_list":["post-45","page","type-page","status-publish","hentry"],"_links":{"self":[{"href":"https:\/\/gleanvn.com\/index.php?rest_route=\/wp\/v2\/pages\/45","targetHints":{"allow":["GET"]}}],"collection":[{"href":"https:\/\/gleanvn.com\/index.php?rest_route=\/wp\/v2\/pages"}],"about":[{"href":"https:\/\/gleanvn.com\/index.php?rest_route=\/wp\/v2\/types\/page"}],"author":[{"embeddable":true,"href":"https:\/\/gleanvn.com\/index.php?rest_route=\/wp\/v2\/users\/1"}],"replies":[{"embeddable":true,"href":"https:\/\/gleanvn.com\/index.php?rest_route=%2Fwp%2Fv2%2Fcomments&post=45"}],"version-history":[{"count":22,"href":"https:\/\/gleanvn.com\/index.php?rest_route=\/wp\/v2\/pages\/45\/revisions"}],"predecessor-version":[{"id":257,"href":"https:\/\/gleanvn.com\/index.php?rest_route=\/wp\/v2\/pages\/45\/revisions\/257"}],"up":[{"embeddable":true,"href":"https:\/\/gleanvn.com\/index.php?rest_route=\/wp\/v2\/pages\/2"}],"wp:attachment":[{"href":"https:\/\/gleanvn.com\/index.php?rest_route=%2Fwp%2Fv2%2Fmedia&parent=45"}],"curies":[{"name":"wp","href":"https:\/\/api.w.org\/{rel}","templated":true}]}}